{"id":9009,"date":"2023-08-22T10:02:02","date_gmt":"2023-08-22T13:02:02","guid":{"rendered":"https:\/\/drimtimwebdesign.com\/?page_id=9009"},"modified":"2023-08-22T11:26:31","modified_gmt":"2023-08-22T14:26:31","slug":"commodin-blog","status":"publish","type":"page","link":"https:\/\/commodin.com\/en\/commodin-blog\/","title":{"rendered":"Commodin Blog"},"content":{"rendered":"<div data-elementor-type=\"wp-page\" data-elementor-id=\"9009\" class=\"elementor elementor-9009\" data-elementor-post-type=\"page\">\n\t\t\t\t\t\t<section data-particle_enable=\"false\" data-particle-mobile-disabled=\"false\" class=\"elementor-section elementor-top-section elementor-element elementor-element-52903be elementor-section-stretched elementor-section-boxed elementor-section-height-default elementor-section-height-default\" data-id=\"52903be\" data-element_type=\"section\" data-settings=\"{&quot;stretch_section&quot;:&quot;section-stretched&quot;}\">\n\t\t\t\t\t\t<div class=\"elementor-container elementor-column-gap-default\">\n\t\t\t\t\t<div class=\"elementor-column elementor-col-100 elementor-top-column elementor-element elementor-element-59a24c6\" data-id=\"59a24c6\" data-element_type=\"column\">\n\t\t\t<div class=\"elementor-widget-wrap\">\n\t\t\t\t\t\t\t<\/div>\n\t\t<\/div>\n\t\t\t\t\t<\/div>\n\t\t<\/section>\n\t\t\t\t<\/div>","protected":false},"excerpt":{"rendered":"<p>1er. congreso\u00a0 Nacional de INNOVACION EDUCATIVA: Invitamos a participar del \u201cCONGRESO DE INNOVACION EDUCATIVA\u201d, los dias 6 y 7 de octubre en las instalaciones de la Sociedad Rural de San Justo, organizado por el \u00c1rea de Educaci\u00f3n de la Ciudad y el Polo Universitario San Justo, Santa Fe. En un mundo cada vez m\u00e1s cambiante &#8230; <a title=\"Commodin Blog\" class=\"read-more\" href=\"https:\/\/commodin.com\/en\/commodin-blog\/\" aria-label=\"Read more about Commodin Blog\">Read more<\/a><\/p>","protected":false},"author":1,"featured_media":0,"parent":0,"menu_order":0,"comment_status":"closed","ping_status":"closed","template":"","meta":{"_monsterinsights_skip_tracking":false,"_monsterinsights_sitenote_active":false,"_monsterinsights_sitenote_note":"","_monsterinsights_sitenote_category":0,"footnotes":""},"class_list":["post-9009","page","type-page","status-publish"],"yoast_head":"<!-- This site is optimized with the Yoast SEO plugin v22.3 - https:\/\/yoast.com\/wordpress\/plugins\/seo\/ -->\n<title>Commodin Blog - Commodin<\/title>\n<meta name=\"robots\" content=\"index, follow, max-snippet:-1, max-image-preview:large, max-video-preview:-1\" \/>\n<link rel=\"canonical\" href=\"https:\/\/commodin.com\/en\/commodin-blog\/\" \/>\n<meta property=\"og:locale\" content=\"en_US\" \/>\n<meta property=\"og:type\" content=\"article\" \/>\n<meta property=\"og:title\" content=\"Commodin Blog - Commodin\" \/>\n<meta property=\"og:description\" content=\"1er. congreso\u00a0 Nacional de INNOVACION EDUCATIVA: Invitamos a participar del \u201cCONGRESO DE INNOVACION EDUCATIVA\u201d, los dias 6 y 7 de octubre en las instalaciones de la Sociedad Rural de San Justo, organizado por el \u00c1rea de Educaci\u00f3n de la Ciudad y el Polo Universitario San Justo, Santa Fe. En un mundo cada vez m\u00e1s cambiante ... Read more\" \/>\n<meta property=\"og:url\" content=\"https:\/\/commodin.com\/en\/commodin-blog\/\" \/>\n<meta property=\"og:site_name\" content=\"Commodin\" \/>\n<meta property=\"article:modified_time\" content=\"2023-08-22T14:26:31+00:00\" \/>\n<meta property=\"og:image\" content=\"https:\/\/drimtimwebdesign.com\/wp-content\/uploads\/2023\/08\/Entrada1-250x250.jpg\" \/>\n<meta name=\"twitter:card\" content=\"summary_large_image\" \/>\n<meta name=\"twitter:label1\" content=\"Est. reading time\" \/>\n\t<meta name=\"twitter:data1\" content=\"4 minutes\" \/>\n<script type=\"application\/ld+json\" class=\"yoast-schema-graph\">{\"@context\":\"https:\/\/schema.org\",\"@graph\":[{\"@type\":\"WebPage\",\"@id\":\"https:\/\/commodin.com\/commodin-blog\/\",\"url\":\"https:\/\/commodin.com\/commodin-blog\/\",\"name\":\"Commodin Blog - Commodin\",\"isPartOf\":{\"@id\":\"https:\/\/commodin.com\/#website\"},\"primaryImageOfPage\":{\"@id\":\"https:\/\/commodin.com\/commodin-blog\/#primaryimage\"},\"image\":{\"@id\":\"https:\/\/commodin.com\/commodin-blog\/#primaryimage\"},\"thumbnailUrl\":\"https:\/\/drimtimwebdesign.com\/wp-content\/uploads\/2023\/08\/Entrada1-250x250.jpg\",\"datePublished\":\"2023-08-22T13:02:02+00:00\",\"dateModified\":\"2023-08-22T14:26:31+00:00\",\"breadcrumb\":{\"@id\":\"https:\/\/commodin.com\/commodin-blog\/#breadcrumb\"},\"inLanguage\":\"en-US\",\"potentialAction\":[{\"@type\":\"ReadAction\",\"target\":[\"https:\/\/commodin.com\/commodin-blog\/\"]}]},{\"@type\":\"ImageObject\",\"inLanguage\":\"en-US\",\"@id\":\"https:\/\/commodin.com\/commodin-blog\/#primaryimage\",\"url\":\"https:\/\/drimtimwebdesign.com\/wp-content\/uploads\/2023\/08\/Entrada1-250x250.jpg\",\"contentUrl\":\"https:\/\/drimtimwebdesign.com\/wp-content\/uploads\/2023\/08\/Entrada1-250x250.jpg\"},{\"@type\":\"BreadcrumbList\",\"@id\":\"https:\/\/commodin.com\/commodin-blog\/#breadcrumb\",\"itemListElement\":[{\"@type\":\"ListItem\",\"position\":1,\"name\":\"Inicio\",\"item\":\"https:\/\/commodin.com\/\"},{\"@type\":\"ListItem\",\"position\":2,\"name\":\"Commodin Blog\"}]},{\"@type\":\"WebSite\",\"@id\":\"https:\/\/commodin.com\/#website\",\"url\":\"https:\/\/commodin.com\/\",\"name\":\"Commodin\",\"description\":\"La (Re)Evoluci\u00f3n de la Salud Digital\",\"publisher\":{\"@id\":\"https:\/\/commodin.com\/#organization\"},\"potentialAction\":[{\"@type\":\"SearchAction\",\"target\":{\"@type\":\"EntryPoint\",\"urlTemplate\":\"https:\/\/commodin.com\/?s={search_term_string}\"},\"query-input\":\"required name=search_term_string\"}],\"inLanguage\":\"en-US\"},{\"@type\":\"Organization\",\"@id\":\"https:\/\/commodin.com\/#organization\",\"name\":\"Commodin\",\"url\":\"https:\/\/commodin.com\/\",\"logo\":{\"@type\":\"ImageObject\",\"inLanguage\":\"en-US\",\"@id\":\"https:\/\/commodin.com\/#\/schema\/logo\/image\/\",\"url\":\"https:\/\/commodin.com\/wp-content\/uploads\/2023\/09\/cropped-Logo_commodin01.png\",\"contentUrl\":\"https:\/\/commodin.com\/wp-content\/uploads\/2023\/09\/cropped-Logo_commodin01.png\",\"width\":2232,\"height\":426,\"caption\":\"Commodin\"},\"image\":{\"@id\":\"https:\/\/commodin.com\/#\/schema\/logo\/image\/\"}}]}<\/script>\n<!-- \/ Yoast SEO plugin. -->","yoast_head_json":{"title":"Commodin Blog - Commodin","robots":{"index":"index","follow":"follow","max-snippet":"max-snippet:-1","max-image-preview":"max-image-preview:large","max-video-preview":"max-video-preview:-1"},"canonical":"https:\/\/commodin.com\/en\/commodin-blog\/","og_locale":"en_US","og_type":"article","og_title":"Commodin Blog - Commodin","og_description":"1er. congreso\u00a0 Nacional de INNOVACION EDUCATIVA: Invitamos a participar del \u201cCONGRESO DE INNOVACION EDUCATIVA\u201d, los dias 6 y 7 de octubre en las instalaciones de la Sociedad Rural de San Justo, organizado por el \u00c1rea de Educaci\u00f3n de la Ciudad y el Polo Universitario San Justo, Santa Fe. En un mundo cada vez m\u00e1s cambiante ... Read more","og_url":"https:\/\/commodin.com\/en\/commodin-blog\/","og_site_name":"Commodin","article_modified_time":"2023-08-22T14:26:31+00:00","og_image":[{"url":"https:\/\/drimtimwebdesign.com\/wp-content\/uploads\/2023\/08\/Entrada1-250x250.jpg"}],"twitter_card":"summary_large_image","twitter_misc":{"Est. reading time":"4 minutes"},"schema":{"@context":"https:\/\/schema.org","@graph":[{"@type":"WebPage","@id":"https:\/\/commodin.com\/commodin-blog\/","url":"https:\/\/commodin.com\/commodin-blog\/","name":"Commodin Blog - Commodin","isPartOf":{"@id":"https:\/\/commodin.com\/#website"},"primaryImageOfPage":{"@id":"https:\/\/commodin.com\/commodin-blog\/#primaryimage"},"image":{"@id":"https:\/\/commodin.com\/commodin-blog\/#primaryimage"},"thumbnailUrl":"https:\/\/drimtimwebdesign.com\/wp-content\/uploads\/2023\/08\/Entrada1-250x250.jpg","datePublished":"2023-08-22T13:02:02+00:00","dateModified":"2023-08-22T14:26:31+00:00","breadcrumb":{"@id":"https:\/\/commodin.com\/commodin-blog\/#breadcrumb"},"inLanguage":"en-US","potentialAction":[{"@type":"ReadAction","target":["https:\/\/commodin.com\/commodin-blog\/"]}]},{"@type":"ImageObject","inLanguage":"en-US","@id":"https:\/\/commodin.com\/commodin-blog\/#primaryimage","url":"https:\/\/drimtimwebdesign.com\/wp-content\/uploads\/2023\/08\/Entrada1-250x250.jpg","contentUrl":"https:\/\/drimtimwebdesign.com\/wp-content\/uploads\/2023\/08\/Entrada1-250x250.jpg"},{"@type":"BreadcrumbList","@id":"https:\/\/commodin.com\/commodin-blog\/#breadcrumb","itemListElement":[{"@type":"ListItem","position":1,"name":"Inicio","item":"https:\/\/commodin.com\/"},{"@type":"ListItem","position":2,"name":"Commodin Blog"}]},{"@type":"WebSite","@id":"https:\/\/commodin.com\/#website","url":"https:\/\/commodin.com\/","name":"Commodin","description":"La (Re)Evoluci\u00f3n de la Salud Digital","publisher":{"@id":"https:\/\/commodin.com\/#organization"},"potentialAction":[{"@type":"SearchAction","target":{"@type":"EntryPoint","urlTemplate":"https:\/\/commodin.com\/?s={search_term_string}"},"query-input":"required name=search_term_string"}],"inLanguage":"en-US"},{"@type":"Organization","@id":"https:\/\/commodin.com\/#organization","name":"Commodin","url":"https:\/\/commodin.com\/","logo":{"@type":"ImageObject","inLanguage":"en-US","@id":"https:\/\/commodin.com\/#\/schema\/logo\/image\/","url":"https:\/\/commodin.com\/wp-content\/uploads\/2023\/09\/cropped-Logo_commodin01.png","contentUrl":"https:\/\/commodin.com\/wp-content\/uploads\/2023\/09\/cropped-Logo_commodin01.png","width":2232,"height":426,"caption":"Commodin"},"image":{"@id":"https:\/\/commodin.com\/#\/schema\/logo\/image\/"}}]}},"_links":{"self":[{"href":"https:\/\/commodin.com\/en\/wp-json\/wp\/v2\/pages\/9009","targetHints":{"allow":["GET"]}}],"collection":[{"href":"https:\/\/commodin.com\/en\/wp-json\/wp\/v2\/pages"}],"about":[{"href":"https:\/\/commodin.com\/en\/wp-json\/wp\/v2\/types\/page"}],"author":[{"embeddable":true,"href":"https:\/\/commodin.com\/en\/wp-json\/wp\/v2\/users\/1"}],"replies":[{"embeddable":true,"href":"https:\/\/commodin.com\/en\/wp-json\/wp\/v2\/comments?post=9009"}],"version-history":[{"count":0,"href":"https:\/\/commodin.com\/en\/wp-json\/wp\/v2\/pages\/9009\/revisions"}],"wp:attachment":[{"href":"https:\/\/commodin.com\/en\/wp-json\/wp\/v2\/media?parent=9009"}],"curies":[{"name":"wp","href":"https:\/\/api.w.org\/{rel}","templated":true}]}}