{"id":7416,"date":"2023-07-05T13:18:03","date_gmt":"2023-07-05T16:18:03","guid":{"rendered":"https:\/\/drimtimwebdesign.com\/?page_id=7416"},"modified":"2023-07-06T09:57:47","modified_gmt":"2023-07-06T12:57:47","slug":"polo-universitario","status":"publish","type":"page","link":"https:\/\/commodin.com\/en\/polo-universitario\/","title":{"rendered":"Polo Universitario"},"content":{"rendered":"<div data-elementor-type=\"wp-page\" data-elementor-id=\"7416\" class=\"elementor elementor-7416\" data-elementor-post-type=\"page\">\n\t\t\t\t\t\t<section data-particle_enable=\"false\" data-particle-mobile-disabled=\"false\" class=\"elementor-section elementor-top-section elementor-element elementor-element-17c6af1 elementor-section-stretched elementor-section-boxed elementor-section-height-default elementor-section-height-default\" data-id=\"17c6af1\" data-element_type=\"section\" data-settings=\"{&quot;stretch_section&quot;:&quot;section-stretched&quot;}\">\n\t\t\t\t\t\t<div class=\"elementor-container elementor-column-gap-default\">\n\t\t\t\t\t<div class=\"elementor-column elementor-col-100 elementor-top-column elementor-element elementor-element-53e9969\" data-id=\"53e9969\" data-element_type=\"column\">\n\t\t\t<div class=\"elementor-widget-wrap elementor-element-populated\">\n\t\t\t\t\t\t<div class=\"elementor-element elementor-element-44d72e8 elementor-widget elementor-widget-heading\" data-id=\"44d72e8\" data-element_type=\"widget\" data-widget_type=\"heading.default\">\n\t\t\t\t<div class=\"elementor-widget-container\">\n\t\t\t<style>\/*! elementor - v3.20.0 - 26-03-2024 *\/\n.elementor-heading-title{padding:0;margin:0;line-height:1}.elementor-widget-heading .elementor-heading-title[class*=elementor-size-]>a{color:inherit;font-size:inherit;line-height:inherit}.elementor-widget-heading .elementor-heading-title.elementor-size-small{font-size:15px}.elementor-widget-heading .elementor-heading-title.elementor-size-medium{font-size:19px}.elementor-widget-heading .elementor-heading-title.elementor-size-large{font-size:29px}.elementor-widget-heading .elementor-heading-title.elementor-size-xl{font-size:39px}.elementor-widget-heading .elementor-heading-title.elementor-size-xxl{font-size:59px}<\/style><h2 class=\"elementor-heading-title elementor-size-default\">Polo Universitario San Justo<\/h2>\t\t<\/div>\n\t\t\t\t<\/div>\n\t\t\t\t<div class=\"elementor-element elementor-element-fe9da97 elementor-widget-divider--view-line elementor-widget elementor-widget-divider\" data-id=\"fe9da97\" data-element_type=\"widget\" data-widget_type=\"divider.default\">\n\t\t\t\t<div class=\"elementor-widget-container\">\n\t\t\t<style>\/*! elementor - v3.20.0 - 26-03-2024 *\/\n.elementor-widget-divider{--divider-border-style:none;--divider-border-width:1px;--divider-color:#0c0d0e;--divider-icon-size:20px;--divider-element-spacing:10px;--divider-pattern-height:24px;--divider-pattern-size:20px;--divider-pattern-url:none;--divider-pattern-repeat:repeat-x}.elementor-widget-divider .elementor-divider{display:flex}.elementor-widget-divider .elementor-divider__text{font-size:15px;line-height:1;max-width:95%}.elementor-widget-divider .elementor-divider__element{margin:0 var(--divider-element-spacing);flex-shrink:0}.elementor-widget-divider .elementor-icon{font-size:var(--divider-icon-size)}.elementor-widget-divider .elementor-divider-separator{display:flex;margin:0;direction:ltr}.elementor-widget-divider--view-line_icon .elementor-divider-separator,.elementor-widget-divider--view-line_text .elementor-divider-separator{align-items:center}.elementor-widget-divider--view-line_icon .elementor-divider-separator:after,.elementor-widget-divider--view-line_icon .elementor-divider-separator:before,.elementor-widget-divider--view-line_text .elementor-divider-separator:after,.elementor-widget-divider--view-line_text .elementor-divider-separator:before{display:block;content:\"\";border-block-end:0;flex-grow:1;border-block-start:var(--divider-border-width) var(--divider-border-style) var(--divider-color)}.elementor-widget-divider--element-align-left .elementor-divider .elementor-divider-separator>.elementor-divider__svg:first-of-type{flex-grow:0;flex-shrink:100}.elementor-widget-divider--element-align-left .elementor-divider-separator:before{content:none}.elementor-widget-divider--element-align-left .elementor-divider__element{margin-left:0}.elementor-widget-divider--element-align-right .elementor-divider .elementor-divider-separator>.elementor-divider__svg:last-of-type{flex-grow:0;flex-shrink:100}.elementor-widget-divider--element-align-right .elementor-divider-separator:after{content:none}.elementor-widget-divider--element-align-right .elementor-divider__element{margin-right:0}.elementor-widget-divider--element-align-start .elementor-divider .elementor-divider-separator>.elementor-divider__svg:first-of-type{flex-grow:0;flex-shrink:100}.elementor-widget-divider--element-align-start .elementor-divider-separator:before{content:none}.elementor-widget-divider--element-align-start .elementor-divider__element{margin-inline-start:0}.elementor-widget-divider--element-align-end .elementor-divider .elementor-divider-separator>.elementor-divider__svg:last-of-type{flex-grow:0;flex-shrink:100}.elementor-widget-divider--element-align-end .elementor-divider-separator:after{content:none}.elementor-widget-divider--element-align-end .elementor-divider__element{margin-inline-end:0}.elementor-widget-divider:not(.elementor-widget-divider--view-line_text):not(.elementor-widget-divider--view-line_icon) .elementor-divider-separator{border-block-start:var(--divider-border-width) var(--divider-border-style) var(--divider-color)}.elementor-widget-divider--separator-type-pattern{--divider-border-style:none}.elementor-widget-divider--separator-type-pattern.elementor-widget-divider--view-line .elementor-divider-separator,.elementor-widget-divider--separator-type-pattern:not(.elementor-widget-divider--view-line) .elementor-divider-separator:after,.elementor-widget-divider--separator-type-pattern:not(.elementor-widget-divider--view-line) .elementor-divider-separator:before,.elementor-widget-divider--separator-type-pattern:not([class*=elementor-widget-divider--view]) .elementor-divider-separator{width:100%;min-height:var(--divider-pattern-height);-webkit-mask-size:var(--divider-pattern-size) 100%;mask-size:var(--divider-pattern-size) 100%;-webkit-mask-repeat:var(--divider-pattern-repeat);mask-repeat:var(--divider-pattern-repeat);background-color:var(--divider-color);-webkit-mask-image:var(--divider-pattern-url);mask-image:var(--divider-pattern-url)}.elementor-widget-divider--no-spacing{--divider-pattern-size:auto}.elementor-widget-divider--bg-round{--divider-pattern-repeat:round}.rtl .elementor-widget-divider .elementor-divider__text{direction:rtl}.e-con-inner>.elementor-widget-divider,.e-con>.elementor-widget-divider{width:var(--container-widget-width,100%);--flex-grow:var(--container-widget-flex-grow)}<\/style>\t\t<div class=\"elementor-divider\">\n\t\t\t<span class=\"elementor-divider-separator\">\n\t\t\t\t\t\t<\/span>\n\t\t<\/div>\n\t\t\t\t<\/div>\n\t\t\t\t<\/div>\n\t\t\t\t\t<\/div>\n\t\t<\/div>\n\t\t\t\t\t<\/div>\n\t\t<\/section>\n\t\t\t\t<section data-particle_enable=\"false\" data-particle-mobile-disabled=\"false\" class=\"elementor-section elementor-top-section elementor-element elementor-element-78d975b elementor-section-stretched elementor-section-boxed elementor-section-height-default elementor-section-height-default\" data-id=\"78d975b\" data-element_type=\"section\" data-settings=\"{&quot;stretch_section&quot;:&quot;section-stretched&quot;,&quot;background_background&quot;:&quot;classic&quot;}\">\n\t\t\t\t\t\t\t<div class=\"elementor-background-overlay\"><\/div>\n\t\t\t\t\t\t\t<div class=\"elementor-container elementor-column-gap-default\">\n\t\t\t\t\t<div class=\"elementor-column elementor-col-50 elementor-top-column elementor-element elementor-element-92320c2\" data-id=\"92320c2\" data-element_type=\"column\">\n\t\t\t<div class=\"elementor-widget-wrap elementor-element-populated\">\n\t\t\t\t\t\t<div class=\"elementor-element elementor-element-91e8bb8 elementor-widget elementor-widget-image\" data-id=\"91e8bb8\" data-element_type=\"widget\" data-widget_type=\"image.default\">\n\t\t\t\t<div class=\"elementor-widget-container\">\n\t\t\t<style>\/*! elementor - v3.20.0 - 26-03-2024 *\/\n.elementor-widget-image{text-align:center}.elementor-widget-image a{display:inline-block}.elementor-widget-image a img[src$=\".svg\"]{width:48px}.elementor-widget-image img{vertical-align:middle;display:inline-block}<\/style>\t\t\t\t\t\t\t\t\t\t<img fetchpriority=\"high\" decoding=\"async\" width=\"567\" height=\"324\" src=\"https:\/\/commodin.com\/wp-content\/uploads\/2023\/07\/PoloUniversitario2.png\" class=\"attachment-large size-large wp-image-7422\" alt=\"\" srcset=\"https:\/\/commodin.com\/wp-content\/uploads\/2023\/07\/PoloUniversitario2.png 567w, https:\/\/commodin.com\/wp-content\/uploads\/2023\/07\/PoloUniversitario2-300x171.png 300w\" sizes=\"(max-width: 567px) 100vw, 567px\" \/>\t\t\t\t\t\t\t\t\t\t\t\t\t<\/div>\n\t\t\t\t<\/div>\n\t\t\t\t<div class=\"elementor-element elementor-element-b1936c8 elementor-widget elementor-widget-html\" data-id=\"b1936c8\" data-element_type=\"widget\" data-widget_type=\"html.default\">\n\t\t\t\t<div class=\"elementor-widget-container\">\n\t\t\t<style>\n#main-image-container {\n  position: relative;\n  width: 200px; \/* Ajusta el tama\u00f1o seg\u00fan tus necesidades *\/\n  height: 200px;\n}\n\n.satellite-image2 {\n  position: absolute;\n  max-width: 21px; \/* Ajusta el tama\u00f1o seg\u00fan tus necesidades *\/\n  max-height: 21px;\n   \/* Para hacer las im\u00e1genes circulares *\/\n  animation-name: orbit3;\n  animation-duration: 18s; \/* Duraci\u00f3n de la animaci\u00f3n en segundos *\/\n  animation-iteration-count: infinite;\n  animation-timing-function: linear;\n}\n\n@keyframes orbit3 {\n  from {\n    transform: rotate(0deg) translateX(100px) rotate(0deg);\n  }\n  to {\n    transform: rotate(360deg) translateX(150px) rotate(-360deg);\n  }\n}\n\n<\/style>\n<script>\ndocument.addEventListener('DOMContentLoaded', function () {\n  var satellites = document.getElementsByClassName('satellite-image2');\n  var radius = 150; \/\/ Radio de la \u00f3rbita\n  var speed = 0.02; \/\/ Velocidad de movimiento de los planetas\n\n  var angle = 0;\n  var increment = (2 * Math.PI) \/ satellites.length;\n\n  \/\/ Asigna una posici\u00f3n inicial a cada imagen sat\u00e9lite y genera un nombre de animaci\u00f3n \u00fanico\n  for (var i = 0; i < satellites.length; i++) {\n    var x = Math.cos(angle) * radius;\n    var y = Math.sin(angle) * radius;\n    satellites[i].style.left = x + 'px';\n    satellites[i].style.top = y + 'px';\n\n    \/\/ Genera un nombre de animaci\u00f3n \u00fanico para cada imagen sat\u00e9lite\n    var animationName = 'orbit' + (i + 1);\n    satellites[i].style.animationName = animationName;\n\n    \/\/ Define los keyframes para la animaci\u00f3n \u00fanica de la imagen sat\u00e9lite\n    var keyframes = `\n      @keyframes ${animationName} {\n        from {\n          transform: rotate(0deg) translateX(${radius}px) rotate(0deg);\n        }\n        to {\n          transform: rotate(360deg) translateX(${radius}px) rotate(-360deg);\n        }\n      }\n    `;\n    \/\/ Agrega los keyframes al head del documento\n    document.styleSheets[0].insertRule(keyframes);\n    \n    angle += increment;\n  }\n});\n<\/script>\t\t<\/div>\n\t\t\t\t<\/div>\n\t\t\t\t<section data-particle_enable=\"false\" data-particle-mobile-disabled=\"false\" class=\"elementor-section elementor-inner-section elementor-element elementor-element-c24bf33 elementor-section-boxed elementor-section-height-default elementor-section-height-default\" data-id=\"c24bf33\" data-element_type=\"section\">\n\t\t\t\t\t\t<div class=\"elementor-container elementor-column-gap-default\">\n\t\t\t\t\t<div class=\"elementor-column elementor-col-25 elementor-inner-column elementor-element elementor-element-55b640f\" data-id=\"55b640f\" data-element_type=\"column\">\n\t\t\t<div class=\"elementor-widget-wrap elementor-element-populated\">\n\t\t\t\t\t\t<div class=\"elementor-element elementor-element-386bad5 satellite-image2 elementor-widget elementor-widget-image\" data-id=\"386bad5\" data-element_type=\"widget\" data-widget_type=\"image.default\">\n\t\t\t\t<div class=\"elementor-widget-container\">\n\t\t\t\t\t\t\t\t\t\t\t\t\t<img decoding=\"async\" width=\"164\" height=\"178\" src=\"https:\/\/commodin.com\/wp-content\/uploads\/2023\/07\/estrella-verde.png\" class=\"attachment-large size-large wp-image-7111\" alt=\"\" \/>\t\t\t\t\t\t\t\t\t\t\t\t\t<\/div>\n\t\t\t\t<\/div>\n\t\t\t\t\t<\/div>\n\t\t<\/div>\n\t\t\t\t<div class=\"elementor-column elementor-col-25 elementor-inner-column elementor-element elementor-element-3d0eaaa\" data-id=\"3d0eaaa\" data-element_type=\"column\">\n\t\t\t<div class=\"elementor-widget-wrap elementor-element-populated\">\n\t\t\t\t\t\t<div class=\"elementor-element elementor-element-2be2245 satellite-image2 elementor-widget elementor-widget-image\" data-id=\"2be2245\" data-element_type=\"widget\" data-widget_type=\"image.default\">\n\t\t\t\t<div class=\"elementor-widget-container\">\n\t\t\t\t\t\t\t\t\t\t\t\t\t<img decoding=\"async\" width=\"164\" height=\"178\" src=\"https:\/\/commodin.com\/wp-content\/uploads\/2023\/07\/estrella-roja.png\" class=\"attachment-large size-large wp-image-7110\" alt=\"\" \/>\t\t\t\t\t\t\t\t\t\t\t\t\t<\/div>\n\t\t\t\t<\/div>\n\t\t\t\t\t<\/div>\n\t\t<\/div>\n\t\t\t\t<div class=\"elementor-column elementor-col-25 elementor-inner-column elementor-element elementor-element-ec61b1f\" data-id=\"ec61b1f\" data-element_type=\"column\">\n\t\t\t<div class=\"elementor-widget-wrap elementor-element-populated\">\n\t\t\t\t\t\t<div class=\"elementor-element elementor-element-1ae2c1b satellite-image2 elementor-widget elementor-widget-image\" data-id=\"1ae2c1b\" data-element_type=\"widget\" data-widget_type=\"image.default\">\n\t\t\t\t<div class=\"elementor-widget-container\">\n\t\t\t\t\t\t\t\t\t\t\t\t\t<img loading=\"lazy\" decoding=\"async\" width=\"164\" height=\"178\" src=\"https:\/\/commodin.com\/wp-content\/uploads\/2023\/07\/estrella-azul.png\" class=\"attachment-large size-large wp-image-7109\" alt=\"\" \/>\t\t\t\t\t\t\t\t\t\t\t\t\t<\/div>\n\t\t\t\t<\/div>\n\t\t\t\t\t<\/div>\n\t\t<\/div>\n\t\t\t\t<div class=\"elementor-column elementor-col-25 elementor-inner-column elementor-element elementor-element-bb65129\" data-id=\"bb65129\" data-element_type=\"column\">\n\t\t\t<div class=\"elementor-widget-wrap elementor-element-populated\">\n\t\t\t\t\t\t<div class=\"elementor-element elementor-element-d161fce satellite-image2 elementor-widget elementor-widget-image\" data-id=\"d161fce\" data-element_type=\"widget\" data-widget_type=\"image.default\">\n\t\t\t\t<div class=\"elementor-widget-container\">\n\t\t\t\t\t\t\t\t\t\t\t\t\t<img loading=\"lazy\" decoding=\"async\" width=\"164\" height=\"178\" src=\"https:\/\/commodin.com\/wp-content\/uploads\/2023\/07\/estrella-amarilla.png\" class=\"attachment-large size-large wp-image-7108\" alt=\"\" \/>\t\t\t\t\t\t\t\t\t\t\t\t\t<\/div>\n\t\t\t\t<\/div>\n\t\t\t\t\t<\/div>\n\t\t<\/div>\n\t\t\t\t\t<\/div>\n\t\t<\/section>\n\t\t\t\t\t<\/div>\n\t\t<\/div>\n\t\t\t\t<div class=\"elementor-column elementor-col-50 elementor-top-column elementor-element elementor-element-c5406df\" data-id=\"c5406df\" data-element_type=\"column\">\n\t\t\t<div class=\"elementor-widget-wrap elementor-element-populated\">\n\t\t\t\t\t\t<div class=\"elementor-element elementor-element-5318de3 elementor-widget elementor-widget-text-editor\" data-id=\"5318de3\" data-element_type=\"widget\" data-widget_type=\"text-editor.default\">\n\t\t\t\t<div class=\"elementor-widget-container\">\n\t\t\t<style>\/*! elementor - v3.20.0 - 26-03-2024 *\/\n.elementor-widget-text-editor.elementor-drop-cap-view-stacked .elementor-drop-cap{background-color:#69727d;color:#fff}.elementor-widget-text-editor.elementor-drop-cap-view-framed .elementor-drop-cap{color:#69727d;border:3px solid;background-color:transparent}.elementor-widget-text-editor:not(.elementor-drop-cap-view-default) .elementor-drop-cap{margin-top:8px}.elementor-widget-text-editor:not(.elementor-drop-cap-view-default) .elementor-drop-cap-letter{width:1em;height:1em}.elementor-widget-text-editor .elementor-drop-cap{float:left;text-align:center;line-height:1;font-size:50px}.elementor-widget-text-editor .elementor-drop-cap-letter{display:inline-block}<\/style>\t\t\t\t<p><b>El Polo Universitario<\/b><span style=\"font-weight: 400;\"> es un espacio acad\u00e9mico pensado\u00a0 junto al <\/span><b>Foro de Desarrollo Local <\/b><span style=\"font-weight: 400;\">para las y los estudiantes\u00a0 <\/span><b>sanjustinos y de toda la regi\u00f3n, <\/b><span style=\"font-weight: 400;\">\u00a0con el objetivo de ofrecer alternativas de <\/span><b>formaci\u00f3n universitaria, terciaria y de oficios, <\/b><b>donde el conocimiento, la ciencia, la\u00a0 tecnolog\u00eda y la innovaci\u00f3n,\u00a0 impulsen el desarrollo sostenible de la comunidad.<\/b><\/p><p><b>El Polo Universitario<\/b><span style=\"font-weight: 400;\">\u00a0 <\/span><b>se constituye como sede <\/b><span style=\"font-weight: 400;\">\u00a0de las diversas ofertas educativas tanto \u00a0 las que provienen de institutos de <\/span><b>formaci\u00f3n docente y t\u00e9cnica<\/b><span style=\"font-weight: 400;\"> como\u00a0 de\u00a0 las <\/span><b>universidades p\u00fablicas y privadas con las cuales se conven\u00eda.<\/b><\/p>\t\t\t\t\t\t<\/div>\n\t\t\t\t<\/div>\n\t\t\t\t\t<\/div>\n\t\t<\/div>\n\t\t\t\t\t<\/div>\n\t\t<\/section>\n\t\t\t\t<\/div>","protected":false},"excerpt":{"rendered":"<p>Polo Universitario San Justo El Polo Universitario es un espacio acad\u00e9mico pensado\u00a0 junto al Foro de Desarrollo Local para las y los estudiantes\u00a0 sanjustinos y de toda la regi\u00f3n, \u00a0con el objetivo de ofrecer alternativas de formaci\u00f3n universitaria, terciaria y de oficios, donde el conocimiento, la ciencia, la\u00a0 tecnolog\u00eda y la innovaci\u00f3n,\u00a0 impulsen el desarrollo &#8230; <a title=\"Polo Universitario\" class=\"read-more\" href=\"https:\/\/commodin.com\/en\/polo-universitario\/\" aria-label=\"Read more about Polo Universitario\">Read more<\/a><\/p>","protected":false},"author":1,"featured_media":0,"parent":0,"menu_order":0,"comment_status":"closed","ping_status":"closed","template":"","meta":{"_monsterinsights_skip_tracking":false,"_monsterinsights_sitenote_active":false,"_monsterinsights_sitenote_note":"","_monsterinsights_sitenote_category":0,"footnotes":""},"class_list":["post-7416","page","type-page","status-publish"],"yoast_head":"<!-- This site is optimized with the Yoast SEO plugin v22.3 - https:\/\/yoast.com\/wordpress\/plugins\/seo\/ -->\n<title>Polo Universitario - Commodin<\/title>\n<meta name=\"robots\" content=\"index, follow, max-snippet:-1, max-image-preview:large, max-video-preview:-1\" \/>\n<link rel=\"canonical\" href=\"https:\/\/commodin.com\/en\/polo-universitario\/\" \/>\n<meta property=\"og:locale\" content=\"en_US\" \/>\n<meta property=\"og:type\" content=\"article\" \/>\n<meta property=\"og:title\" content=\"Polo Universitario - Commodin\" \/>\n<meta property=\"og:description\" content=\"Polo Universitario San Justo El Polo Universitario es un espacio acad\u00e9mico pensado\u00a0 junto al Foro de Desarrollo Local para las y los estudiantes\u00a0 sanjustinos y de toda la regi\u00f3n, \u00a0con el objetivo de ofrecer alternativas de formaci\u00f3n universitaria, terciaria y de oficios, donde el conocimiento, la ciencia, la\u00a0 tecnolog\u00eda y la innovaci\u00f3n,\u00a0 impulsen el desarrollo ... Read more\" \/>\n<meta property=\"og:url\" content=\"https:\/\/commodin.com\/en\/polo-universitario\/\" \/>\n<meta property=\"og:site_name\" content=\"Commodin\" \/>\n<meta property=\"article:modified_time\" content=\"2023-07-06T12:57:47+00:00\" \/>\n<meta property=\"og:image\" content=\"https:\/\/drimtimwebdesign.com\/wp-content\/uploads\/2023\/07\/PoloUniversitario2.png\" \/>\n<meta name=\"twitter:card\" content=\"summary_large_image\" \/>\n<meta name=\"twitter:label1\" content=\"Est. reading time\" \/>\n\t<meta name=\"twitter:data1\" content=\"1 minute\" \/>\n<script type=\"application\/ld+json\" class=\"yoast-schema-graph\">{\"@context\":\"https:\/\/schema.org\",\"@graph\":[{\"@type\":\"WebPage\",\"@id\":\"https:\/\/commodin.com\/polo-universitario\/\",\"url\":\"https:\/\/commodin.com\/polo-universitario\/\",\"name\":\"Polo Universitario - Commodin\",\"isPartOf\":{\"@id\":\"https:\/\/commodin.com\/#website\"},\"primaryImageOfPage\":{\"@id\":\"https:\/\/commodin.com\/polo-universitario\/#primaryimage\"},\"image\":{\"@id\":\"https:\/\/commodin.com\/polo-universitario\/#primaryimage\"},\"thumbnailUrl\":\"https:\/\/drimtimwebdesign.com\/wp-content\/uploads\/2023\/07\/PoloUniversitario2.png\",\"datePublished\":\"2023-07-05T16:18:03+00:00\",\"dateModified\":\"2023-07-06T12:57:47+00:00\",\"breadcrumb\":{\"@id\":\"https:\/\/commodin.com\/polo-universitario\/#breadcrumb\"},\"inLanguage\":\"en-US\",\"potentialAction\":[{\"@type\":\"ReadAction\",\"target\":[\"https:\/\/commodin.com\/polo-universitario\/\"]}]},{\"@type\":\"ImageObject\",\"inLanguage\":\"en-US\",\"@id\":\"https:\/\/commodin.com\/polo-universitario\/#primaryimage\",\"url\":\"https:\/\/drimtimwebdesign.com\/wp-content\/uploads\/2023\/07\/PoloUniversitario2.png\",\"contentUrl\":\"https:\/\/drimtimwebdesign.com\/wp-content\/uploads\/2023\/07\/PoloUniversitario2.png\"},{\"@type\":\"BreadcrumbList\",\"@id\":\"https:\/\/commodin.com\/polo-universitario\/#breadcrumb\",\"itemListElement\":[{\"@type\":\"ListItem\",\"position\":1,\"name\":\"Inicio\",\"item\":\"https:\/\/commodin.com\/\"},{\"@type\":\"ListItem\",\"position\":2,\"name\":\"Polo Universitario\"}]},{\"@type\":\"WebSite\",\"@id\":\"https:\/\/commodin.com\/#website\",\"url\":\"https:\/\/commodin.com\/\",\"name\":\"Commodin\",\"description\":\"La (Re)Evoluci\u00f3n de la Salud Digital\",\"publisher\":{\"@id\":\"https:\/\/commodin.com\/#organization\"},\"potentialAction\":[{\"@type\":\"SearchAction\",\"target\":{\"@type\":\"EntryPoint\",\"urlTemplate\":\"https:\/\/commodin.com\/?s={search_term_string}\"},\"query-input\":\"required name=search_term_string\"}],\"inLanguage\":\"en-US\"},{\"@type\":\"Organization\",\"@id\":\"https:\/\/commodin.com\/#organization\",\"name\":\"Commodin\",\"url\":\"https:\/\/commodin.com\/\",\"logo\":{\"@type\":\"ImageObject\",\"inLanguage\":\"en-US\",\"@id\":\"https:\/\/commodin.com\/#\/schema\/logo\/image\/\",\"url\":\"https:\/\/commodin.com\/wp-content\/uploads\/2023\/09\/cropped-Logo_commodin01.png\",\"contentUrl\":\"https:\/\/commodin.com\/wp-content\/uploads\/2023\/09\/cropped-Logo_commodin01.png\",\"width\":2232,\"height\":426,\"caption\":\"Commodin\"},\"image\":{\"@id\":\"https:\/\/commodin.com\/#\/schema\/logo\/image\/\"}}]}<\/script>\n<!-- \/ Yoast SEO plugin. -->","yoast_head_json":{"title":"Polo Universitario - Commodin","robots":{"index":"index","follow":"follow","max-snippet":"max-snippet:-1","max-image-preview":"max-image-preview:large","max-video-preview":"max-video-preview:-1"},"canonical":"https:\/\/commodin.com\/en\/polo-universitario\/","og_locale":"en_US","og_type":"article","og_title":"Polo Universitario - Commodin","og_description":"Polo Universitario San Justo El Polo Universitario es un espacio acad\u00e9mico pensado\u00a0 junto al Foro de Desarrollo Local para las y los estudiantes\u00a0 sanjustinos y de toda la regi\u00f3n, \u00a0con el objetivo de ofrecer alternativas de formaci\u00f3n universitaria, terciaria y de oficios, donde el conocimiento, la ciencia, la\u00a0 tecnolog\u00eda y la innovaci\u00f3n,\u00a0 impulsen el desarrollo ... Read more","og_url":"https:\/\/commodin.com\/en\/polo-universitario\/","og_site_name":"Commodin","article_modified_time":"2023-07-06T12:57:47+00:00","og_image":[{"url":"https:\/\/drimtimwebdesign.com\/wp-content\/uploads\/2023\/07\/PoloUniversitario2.png"}],"twitter_card":"summary_large_image","twitter_misc":{"Est. reading time":"1 minute"},"schema":{"@context":"https:\/\/schema.org","@graph":[{"@type":"WebPage","@id":"https:\/\/commodin.com\/polo-universitario\/","url":"https:\/\/commodin.com\/polo-universitario\/","name":"Polo Universitario - Commodin","isPartOf":{"@id":"https:\/\/commodin.com\/#website"},"primaryImageOfPage":{"@id":"https:\/\/commodin.com\/polo-universitario\/#primaryimage"},"image":{"@id":"https:\/\/commodin.com\/polo-universitario\/#primaryimage"},"thumbnailUrl":"https:\/\/drimtimwebdesign.com\/wp-content\/uploads\/2023\/07\/PoloUniversitario2.png","datePublished":"2023-07-05T16:18:03+00:00","dateModified":"2023-07-06T12:57:47+00:00","breadcrumb":{"@id":"https:\/\/commodin.com\/polo-universitario\/#breadcrumb"},"inLanguage":"en-US","potentialAction":[{"@type":"ReadAction","target":["https:\/\/commodin.com\/polo-universitario\/"]}]},{"@type":"ImageObject","inLanguage":"en-US","@id":"https:\/\/commodin.com\/polo-universitario\/#primaryimage","url":"https:\/\/drimtimwebdesign.com\/wp-content\/uploads\/2023\/07\/PoloUniversitario2.png","contentUrl":"https:\/\/drimtimwebdesign.com\/wp-content\/uploads\/2023\/07\/PoloUniversitario2.png"},{"@type":"BreadcrumbList","@id":"https:\/\/commodin.com\/polo-universitario\/#breadcrumb","itemListElement":[{"@type":"ListItem","position":1,"name":"Inicio","item":"https:\/\/commodin.com\/"},{"@type":"ListItem","position":2,"name":"Polo Universitario"}]},{"@type":"WebSite","@id":"https:\/\/commodin.com\/#website","url":"https:\/\/commodin.com\/","name":"Commodin","description":"La (Re)Evoluci\u00f3n de la Salud Digital","publisher":{"@id":"https:\/\/commodin.com\/#organization"},"potentialAction":[{"@type":"SearchAction","target":{"@type":"EntryPoint","urlTemplate":"https:\/\/commodin.com\/?s={search_term_string}"},"query-input":"required name=search_term_string"}],"inLanguage":"en-US"},{"@type":"Organization","@id":"https:\/\/commodin.com\/#organization","name":"Commodin","url":"https:\/\/commodin.com\/","logo":{"@type":"ImageObject","inLanguage":"en-US","@id":"https:\/\/commodin.com\/#\/schema\/logo\/image\/","url":"https:\/\/commodin.com\/wp-content\/uploads\/2023\/09\/cropped-Logo_commodin01.png","contentUrl":"https:\/\/commodin.com\/wp-content\/uploads\/2023\/09\/cropped-Logo_commodin01.png","width":2232,"height":426,"caption":"Commodin"},"image":{"@id":"https:\/\/commodin.com\/#\/schema\/logo\/image\/"}}]}},"_links":{"self":[{"href":"https:\/\/commodin.com\/en\/wp-json\/wp\/v2\/pages\/7416","targetHints":{"allow":["GET"]}}],"collection":[{"href":"https:\/\/commodin.com\/en\/wp-json\/wp\/v2\/pages"}],"about":[{"href":"https:\/\/commodin.com\/en\/wp-json\/wp\/v2\/types\/page"}],"author":[{"embeddable":true,"href":"https:\/\/commodin.com\/en\/wp-json\/wp\/v2\/users\/1"}],"replies":[{"embeddable":true,"href":"https:\/\/commodin.com\/en\/wp-json\/wp\/v2\/comments?post=7416"}],"version-history":[{"count":0,"href":"https:\/\/commodin.com\/en\/wp-json\/wp\/v2\/pages\/7416\/revisions"}],"wp:attachment":[{"href":"https:\/\/commodin.com\/en\/wp-json\/wp\/v2\/media?parent=7416"}],"curies":[{"name":"wp","href":"https:\/\/api.w.org\/{rel}","templated":true}]}}